{"id":24,"date":"2025-10-22T08:55:34","date_gmt":"2025-10-22T08:55:34","guid":{"rendered":"https:\/\/pfernandez.santcugatesn.com\/?page_id=24"},"modified":"2026-02-05T10:26:24","modified_gmt":"2026-02-05T09:26:24","slug":"home","status":"publish","type":"page","link":"https:\/\/pfernandez.santcugatesn.com\/","title":{"rendered":"Home"},"content":{"rendered":"\n<div class=\"wp-block-group alignfull has-ast-global-color-5-background-color has-background is-layout-constrained wp-container-core-group-is-layout-9cedb757 wp-block-group-is-layout-constrained\" style=\"padding-bottom:0px\">\n<div class=\"wp-block-columns are-vertically-aligned-top is-layout-flex wp-container-core-columns-is-layout-00723822 wp-block-columns-is-layout-flex\">\n<div class=\"wp-block-column is-vertically-aligned-top is-layout-flow wp-container-core-column-is-layout-6b73ce23 wp-block-column-is-layout-flow\">\n<figure class=\"wp-block-image size-full is-resized\"><img loading=\"lazy\" decoding=\"async\" width=\"200\" height=\"200\" src=\"https:\/\/pfernandez.santcugatesn.com\/wp-content\/uploads\/2026\/02\/Disseny-sense-titol-16.png\" alt=\"\" class=\"wp-image-134\" style=\"width:133px;height:auto\" srcset=\"https:\/\/pfernandez.santcugatesn.com\/wp-content\/uploads\/2026\/02\/Disseny-sense-titol-16.png 200w, https:\/\/pfernandez.santcugatesn.com\/wp-content\/uploads\/2026\/02\/Disseny-sense-titol-16-100x100.png 100w, https:\/\/pfernandez.santcugatesn.com\/wp-content\/uploads\/2026\/02\/Disseny-sense-titol-16-150x150.png 150w\" sizes=\"auto, (max-width: 200px) 100vw, 200px\" \/><\/figure>\n\n\n\n<h3 class=\"wp-block-heading has-text-align-left\" style=\"margin-top:16px\">Producto 100% original<\/h3>\n\n\n\n<p class=\"has-text-align-left\">Solo trabajamos con marcas oficiales. En ElevenGear, te garantizamos que cada bota, camiseta y accesorio es completamente aut\u00e9ntico.<\/p>\n<\/div>\n\n\n\n<div class=\"wp-block-column is-vertically-aligned-top is-layout-flow wp-container-core-column-is-layout-6b73ce23 wp-block-column-is-layout-flow\">\n<figure class=\"wp-block-image size-full is-resized\"><img loading=\"lazy\" decoding=\"async\" width=\"200\" height=\"200\" src=\"https:\/\/pfernandez.santcugatesn.com\/wp-content\/uploads\/2026\/02\/Disseny-sense-titol-14.png\" alt=\"\" class=\"wp-image-136\" style=\"width:134px;height:auto\" srcset=\"https:\/\/pfernandez.santcugatesn.com\/wp-content\/uploads\/2026\/02\/Disseny-sense-titol-14.png 200w, https:\/\/pfernandez.santcugatesn.com\/wp-content\/uploads\/2026\/02\/Disseny-sense-titol-14-100x100.png 100w, https:\/\/pfernandez.santcugatesn.com\/wp-content\/uploads\/2026\/02\/Disseny-sense-titol-14-150x150.png 150w\" sizes=\"auto, (max-width: 200px) 100vw, 200px\" \/><\/figure>\n\n\n\n<h3 class=\"wp-block-heading has-text-align-left\" style=\"margin-top:16px\">Env\u00edo urgente<\/h3>\n\n\n\n<p class=\"has-text-align-left\">Sabemos que la jornada es el fin de semana. Recibe tu pedido en 24\/48 horas y prep\u00e1rate a tiempo para el partido.<\/p>\n<\/div>\n\n\n\n<div class=\"wp-block-column is-vertically-aligned-top is-layout-flow wp-container-core-column-is-layout-6b73ce23 wp-block-column-is-layout-flow\">\n<figure class=\"wp-block-image size-full is-resized\"><img loading=\"lazy\" decoding=\"async\" width=\"200\" height=\"200\" src=\"https:\/\/pfernandez.santcugatesn.com\/wp-content\/uploads\/2026\/02\/Disseny-sense-titol-13.png\" alt=\"\" class=\"wp-image-132\" style=\"width:138px;height:auto\" srcset=\"https:\/\/pfernandez.santcugatesn.com\/wp-content\/uploads\/2026\/02\/Disseny-sense-titol-13.png 200w, https:\/\/pfernandez.santcugatesn.com\/wp-content\/uploads\/2026\/02\/Disseny-sense-titol-13-100x100.png 100w, https:\/\/pfernandez.santcugatesn.com\/wp-content\/uploads\/2026\/02\/Disseny-sense-titol-13-150x150.png 150w\" sizes=\"auto, (max-width: 200px) 100vw, 200px\" \/><\/figure>\n\n\n\n<h3 class=\"wp-block-heading has-text-align-left\" style=\"margin-top:16px\">Asesoramiento Pro<\/h3>\n\n\n\n<p class=\"has-text-align-left\">\u00bfDudas entre tacos AG o FG? \u00bfQu\u00e9 tipo de guantes necesitas? Nuestro equipo de expertos en f\u00fatbol te asesora para que aciertes en tu compra.<\/p>\n<\/div>\n\n\n\n<div class=\"wp-block-column is-vertically-aligned-top is-layout-flow wp-container-core-column-is-layout-6b73ce23 wp-block-column-is-layout-flow\">\n<figure class=\"wp-block-image size-full is-resized\"><img loading=\"lazy\" decoding=\"async\" width=\"200\" height=\"200\" src=\"https:\/\/pfernandez.santcugatesn.com\/wp-content\/uploads\/2026\/02\/Disseny-sense-titol-15.png\" alt=\"\" class=\"wp-image-137\" style=\"width:140px;height:auto\" srcset=\"https:\/\/pfernandez.santcugatesn.com\/wp-content\/uploads\/2026\/02\/Disseny-sense-titol-15.png 200w, https:\/\/pfernandez.santcugatesn.com\/wp-content\/uploads\/2026\/02\/Disseny-sense-titol-15-100x100.png 100w, https:\/\/pfernandez.santcugatesn.com\/wp-content\/uploads\/2026\/02\/Disseny-sense-titol-15-150x150.png 150w\" sizes=\"auto, (max-width: 200px) 100vw, 200px\" \/><\/figure>\n\n\n\n<h3 class=\"wp-block-heading has-text-align-left\" style=\"margin-top:16px\">Cambios de Talla F\u00e1ciles<\/h3>\n\n\n\n<p class=\"has-text-align-left\">Si no te convence o no es tu talla, te lo ponemos muy f\u00e1cil para cambiarlo o devolverlo.<\/p>\n<\/div>\n<\/div>\n<\/div>\n\n\n\n<div class=\"wp-block-group alignfull is-layout-constrained wp-container-core-group-is-layout-45b0ac4f wp-block-group-is-layout-constrained\" id=\"services\" style=\"padding-top:144px;padding-bottom:0px\">\n<h2 class=\"wp-block-heading\">Our Services<\/h2>\n\n\n\n<div class=\"wp-block-columns is-layout-flex wp-container-core-columns-is-layout-60cbf9bb wp-block-columns-is-layout-flex\" style=\"margin-top:50px\">\n<div class=\"wp-block-column is-layout-flow wp-container-core-column-is-layout-6b73ce23 wp-block-column-is-layout-flow\">\n<figure class=\"wp-block-image size-full\"><img loading=\"lazy\" decoding=\"async\" width=\"1023\" height=\"933\" src=\"https:\/\/pfernandez.santcugatesn.com\/wp-content\/uploads\/2025\/11\/IMG_2224.jpeg\" alt=\"\" class=\"wp-image-127\" srcset=\"https:\/\/pfernandez.santcugatesn.com\/wp-content\/uploads\/2025\/11\/IMG_2224.jpeg 1023w, https:\/\/pfernandez.santcugatesn.com\/wp-content\/uploads\/2025\/11\/IMG_2224-600x547.jpeg 600w, https:\/\/pfernandez.santcugatesn.com\/wp-content\/uploads\/2025\/11\/IMG_2224-300x274.jpeg 300w, https:\/\/pfernandez.santcugatesn.com\/wp-content\/uploads\/2025\/11\/IMG_2224-768x700.jpeg 768w\" sizes=\"auto, (max-width: 1023px) 100vw, 1023px\" \/><\/figure>\n\n\n\n<h3 class=\"wp-block-heading\" style=\"margin-top:16px\">Botas para cada jugador<\/h3>\n\n\n\n<p>Domina el terreno de juego. Encuentra las botas perfectas para tu estilo: velocidad, control o potencia. Trabajamos con las mejores marcas para asegurar tu m\u00e1ximo rendimiento.<\/p>\n<\/div>\n\n\n\n<div class=\"wp-block-column is-layout-flow wp-container-core-column-is-layout-6b73ce23 wp-block-column-is-layout-flow\">\n<figure class=\"wp-block-image size-full\"><img loading=\"lazy\" decoding=\"async\" width=\"1023\" height=\"933\" src=\"https:\/\/pfernandez.santcugatesn.com\/wp-content\/uploads\/2025\/11\/IMG_2225.jpeg\" alt=\"\" class=\"wp-image-129\" srcset=\"https:\/\/pfernandez.santcugatesn.com\/wp-content\/uploads\/2025\/11\/IMG_2225.jpeg 1023w, https:\/\/pfernandez.santcugatesn.com\/wp-content\/uploads\/2025\/11\/IMG_2225-600x547.jpeg 600w, https:\/\/pfernandez.santcugatesn.com\/wp-content\/uploads\/2025\/11\/IMG_2225-300x274.jpeg 300w, https:\/\/pfernandez.santcugatesn.com\/wp-content\/uploads\/2025\/11\/IMG_2225-768x700.jpeg 768w\" sizes=\"auto, (max-width: 1023px) 100vw, 1023px\" \/><\/figure>\n\n\n\n<h3 class=\"wp-block-heading\" style=\"margin-top:16px\">Equipaciones Oficiales y de Entrenamiento<\/h3>\n\n\n\n<p>Viste los colores de tu club favorito o equipa a tu propio equipo. Camisetas oficiales, medias, pantalones y todo el material de entrenamiento que necesitas para sentirte un profesional.<\/p>\n<\/div>\n\n\n\n<div class=\"wp-block-column is-layout-flow wp-container-core-column-is-layout-6b73ce23 wp-block-column-is-layout-flow\">\n<figure class=\"wp-block-image size-full\"><img loading=\"lazy\" decoding=\"async\" width=\"1023\" height=\"939\" src=\"https:\/\/pfernandez.santcugatesn.com\/wp-content\/uploads\/2025\/11\/IMG_2226.jpeg\" alt=\"\" class=\"wp-image-126\" srcset=\"https:\/\/pfernandez.santcugatesn.com\/wp-content\/uploads\/2025\/11\/IMG_2226.jpeg 1023w, https:\/\/pfernandez.santcugatesn.com\/wp-content\/uploads\/2025\/11\/IMG_2226-600x551.jpeg 600w, https:\/\/pfernandez.santcugatesn.com\/wp-content\/uploads\/2025\/11\/IMG_2226-300x275.jpeg 300w, https:\/\/pfernandez.santcugatesn.com\/wp-content\/uploads\/2025\/11\/IMG_2226-768x705.jpeg 768w\" sizes=\"auto, (max-width: 1023px) 100vw, 1023px\" \/><\/figure>\n\n\n\n<h3 class=\"wp-block-heading\" style=\"margin-top:16px\"> Accesorios para el Partido<br><\/h3>\n\n\n\n<p>Desde balones con la \u00faltima tecnolog\u00eda hasta espinilleras, medias t\u00e9cnicas y guantes de portero. Tenemos todos los accesorios que marcan la diferencia entre un buen partido y uno legendario.<\/p>\n<\/div>\n<\/div>\n<\/div>\n\n\n\n<div class=\"wp-block-group alignfull has-ast-global-color-5-background-color has-background is-layout-constrained wp-container-core-group-is-layout-94d206d0 wp-block-group-is-layout-constrained\" id=\"about\" style=\"padding-top:143px;padding-bottom:144px\">\n<div class=\"wp-block-media-text has-media-on-the-right is-stacked-on-mobile is-vertically-aligned-center\"><div class=\"wp-block-media-text__content\">\n<div class=\"inherit-container-width wp-block-group is-layout-constrained wp-container-core-group-is-layout-47ce07ec wp-block-group-is-layout-constrained\" style=\"padding-right:80px\">\n<h2 class=\"wp-block-heading\" style=\"padding-right:40px\">We help teams build the business of their dreams<\/h2>\n\n\n\n<p>Et in risus egestas nec vitae odio ac nibh vestibulum volutpat aliquet aenean erat lobortis non.<\/p>\n\n\n\n<p>Nibh egestas dictumst cursus est turpis quis tincidunt pulvinar maecenas eget massa vel, ante nam blandit egestas enim id quis sit maecenas id nunc tempus auctor orci, enim imperdiet proin nibh mattis.<\/p>\n<\/div>\n<\/div><figure class=\"wp-block-media-text__media\"><img decoding=\"async\" src=\"https:\/\/pfernandez.santcugatesn.com\/wp-content\/themes\/astra\/inc\/assets\/images\/starter-content\/about-us.jpg\" alt=\"\" class=\"wp-image-237 size-full\"\/><\/figure><\/div>\n<\/div>\n\n\n\n<div class=\"wp-block-group alignfull has-ast-global-color-4-background-color has-background is-layout-constrained wp-container-core-group-is-layout-6a2cfb7b wp-block-group-is-layout-constrained\" id=\"reviews\">\n<figure class=\"wp-block-image aligncenter size-full\"><img decoding=\"async\" src=\"https:\/\/pfernandez.santcugatesn.com\/wp-content\/themes\/astra\/inc\/assets\/images\/starter-content\/avatar.png\" alt=\"\" class=\"wp-image-235\"\/><\/figure>\n\n\n\n<p class=\"has-text-align-center\" style=\"font-size:22px;line-height:1.6\">\u201cThe best part is that Astra comes with hundreds of professionally designed templates for just about every industry, makes it super easy for non-techy users to build a website.\u201d<\/p>\n\n\n\n<p class=\"has-text-align-center\"><strong>Wade Warren<\/strong><\/p>\n<\/div>\n\n\n\n<div class=\"wp-block-group alignfull is-layout-constrained wp-container-core-group-is-layout-3fee123f wp-block-group-is-layout-constrained\" id=\"whyus\" style=\"padding-top:144px;padding-bottom:144px\">\n<h2 class=\"wp-block-heading\">Why Choose Us<\/h2>\n\n\n\n<div class=\"wp-block-columns is-layout-flex wp-container-core-columns-is-layout-29aadeec wp-block-columns-is-layout-flex\" style=\"margin-top:60px\">\n<div class=\"wp-block-column is-layout-flow wp-container-core-column-is-layout-6b73ce23 wp-block-column-is-layout-flow\">\n<figure class=\"wp-block-image size-large\"><img decoding=\"async\" src=\"https:\/\/pfernandez.santcugatesn.com\/wp-content\/themes\/astra\/inc\/assets\/images\/starter-content\/passionate.svg\" alt=\"\" class=\"wp-image-162\"\/><\/figure>\n\n\n\n<h3 class=\"wp-block-heading\" style=\"margin-top:16px\">Passionate<\/h3>\n\n\n\n<p>Tempor ullamcorper urna, est, lectus amet sit tempor pretium mi sed morbi cras posuere sit ultrices bibendum augue sit ornare.<\/p>\n<\/div>\n\n\n\n<div class=\"wp-block-column is-layout-flow wp-container-core-column-is-layout-6b73ce23 wp-block-column-is-layout-flow\">\n<figure class=\"wp-block-image size-large\"><img decoding=\"async\" src=\"https:\/\/pfernandez.santcugatesn.com\/wp-content\/themes\/astra\/inc\/assets\/images\/starter-content\/professional.svg\" alt=\"\" class=\"wp-image-163\"\/><\/figure>\n\n\n\n<h3 class=\"wp-block-heading\" style=\"margin-top:16px\">Professional<\/h3>\n\n\n\n<p>Tempor ullamcorper urna, est, lectus amet sit tempor pretium mi sed morbi cras posuere sit ultrices bibendum augue sit ornare.<\/p>\n<\/div>\n\n\n\n<div class=\"wp-block-column is-layout-flow wp-container-core-column-is-layout-6b73ce23 wp-block-column-is-layout-flow\">\n<figure class=\"wp-block-image size-large\"><img decoding=\"async\" src=\"https:\/\/pfernandez.santcugatesn.com\/wp-content\/themes\/astra\/inc\/assets\/images\/starter-content\/support.svg\" alt=\"\" class=\"wp-image-164\"\/><\/figure>\n\n\n\n<h3 class=\"wp-block-heading\" style=\"margin-top:16px\">Support<\/h3>\n\n\n\n<p>Tempor ullamcorper urna, est, lectus amet sit tempor pretium mi sed morbi cras posuere sit ultrices bibendum augue sit ornare.<\/p>\n<\/div>\n<\/div>\n<\/div>\n","protected":false},"excerpt":{"rendered":"<p>Producto 100% original Solo trabajamos con marcas oficiales. En ElevenGear, te garantizamos que cada bota, camiseta y accesorio es completamente [&hellip;]<\/p>\n","protected":false},"author":1,"featured_media":0,"parent":0,"menu_order":0,"comment_status":"closed","ping_status":"closed","template":"","meta":{"site-sidebar-layout":"no-sidebar","site-content-layout":"plain-container","ast-site-content-layout":"default","site-content-style":"default","site-sidebar-style":"default","ast-global-header-display":"","ast-banner-title-visibility":"","ast-main-header-display":"","ast-hfb-above-header-display":"","ast-hfb-below-header-display":"","ast-hfb-mobile-header-display":"","site-post-title":"disabled","ast-breadcrumbs-content":"","ast-featured-img":"","footer-sml-layout":"","theme-transparent-header-meta":"enabled","adv-header-id-meta":"","stick-header-meta":"","header-above-stick-meta":"","header-main-stick-meta":"","header-below-stick-meta":"","astra-migrate-meta-layouts":"default","ast-page-background-enabled":"default","ast-page-background-meta":{"desktop":{"background-color":"var(--ast-global-color-5)","background-image":"","background-repeat":"repeat","background-position":"center center","background-size":"auto","background-attachment":"scroll","background-type":"","background-media":"","overlay-type":"","overlay-color":"","overlay-opacity":"","overlay-gradient":""},"tablet":{"background-color":"","background-image":"","background-repeat":"repeat","background-position":"center center","background-size":"auto","background-attachment":"scroll","background-type":"","background-media":"","overlay-type":"","overlay-color":"","overlay-opacity":"","overlay-gradient":""},"mobile":{"background-color":"","background-image":"","background-repeat":"repeat","background-position":"center center","background-size":"auto","background-attachment":"scroll","background-type":"","background-media":"","overlay-type":"","overlay-color":"","overlay-opacity":"","overlay-gradient":""}},"ast-content-background-meta":{"desktop":{"background-color":"var(--ast-global-color-4)","background-image":"","background-repeat":"repeat","background-position":"center center","background-size":"auto","background-attachment":"scroll","background-type":"","background-media":"","overlay-type":"","overlay-color":"","overlay-opacity":"","overlay-gradient":""},"tablet":{"background-color":"var(--ast-global-color-4)","background-image":"","background-repeat":"repeat","background-position":"center center","background-size":"auto","background-attachment":"scroll","background-type":"","background-media":"","overlay-type":"","overlay-color":"","overlay-opacity":"","overlay-gradient":""},"mobile":{"background-color":"var(--ast-global-color-4)","background-image":"","background-repeat":"repeat","background-position":"center center","background-size":"auto","background-attachment":"scroll","background-type":"","background-media":"","overlay-type":"","overlay-color":"","overlay-opacity":"","overlay-gradient":""}},"footnotes":""},"class_list":["post-24","page","type-page","status-publish","hentry"],"_links":{"self":[{"href":"https:\/\/pfernandez.santcugatesn.com\/index.php?rest_route=\/wp\/v2\/pages\/24","targetHints":{"allow":["GET"]}}],"collection":[{"href":"https:\/\/pfernandez.santcugatesn.com\/index.php?rest_route=\/wp\/v2\/pages"}],"about":[{"href":"https:\/\/pfernandez.santcugatesn.com\/index.php?rest_route=\/wp\/v2\/types\/page"}],"author":[{"embeddable":true,"href":"https:\/\/pfernandez.santcugatesn.com\/index.php?rest_route=\/wp\/v2\/users\/1"}],"replies":[{"embeddable":true,"href":"https:\/\/pfernandez.santcugatesn.com\/index.php?rest_route=%2Fwp%2Fv2%2Fcomments&post=24"}],"version-history":[{"count":6,"href":"https:\/\/pfernandez.santcugatesn.com\/index.php?rest_route=\/wp\/v2\/pages\/24\/revisions"}],"predecessor-version":[{"id":138,"href":"https:\/\/pfernandez.santcugatesn.com\/index.php?rest_route=\/wp\/v2\/pages\/24\/revisions\/138"}],"wp:attachment":[{"href":"https:\/\/pfernandez.santcugatesn.com\/index.php?rest_route=%2Fwp%2Fv2%2Fmedia&parent=24"}],"curies":[{"name":"wp","href":"https:\/\/api.w.org\/{rel}","templated":true}]}}